{"id":10,"date":"2018-07-06T12:59:18","date_gmt":"2018-07-06T10:59:18","guid":{"rendered":"http:\/\/childprocess.privy.de\/?page_id=10"},"modified":"2018-07-06T13:08:23","modified_gmt":"2018-07-06T11:08:23","slug":"child","status":"publish","type":"page","link":"https:\/\/childprocess.de\/?page_id=10","title":{"rendered":"child"},"content":{"rendered":"<p>In der Programmierung wird der\u00a0Kindprozess als Kopie des Elternprozesses erzeugt, erh\u00e4lt jedoch einen eigenen\u00a0Prozessidentifikator\u00a0(PID) und wird in der Folge als eigenst\u00e4ndige Instanz eines Programms und unabh\u00e4ngig vom Elternprozess ausgef\u00fchrt. (Auszug aus Wikipedia)<\/p>\n<p>Hier hei\u00dft der Prozess Mali und ist ein absolutes Wunschkind.<\/p>\n","protected":false},"excerpt":{"rendered":"<p>In der Programmierung wird der\u00a0Kindprozess als Kopie des Elternprozesses erzeugt, erh\u00e4lt jedoch einen eigenen\u00a0Prozessidentifikator\u00a0(PID) und wird in der Folge als eigenst\u00e4ndige Instanz eines Programms und unabh\u00e4ngig vom Elternprozess ausgef\u00fchrt. (Auszug aus Wikipedia) Hier hei\u00dft der Prozess Mali und ist ein absolutes Wunschkind.<\/p>\n","protected":false},"author":1,"featured_media":0,"parent":0,"menu_order":2,"comment_status":"closed","ping_status":"closed","template":"","meta":{"spay_email":""},"jetpack_sharing_enabled":true,"jetpack_shortlink":"https:\/\/wp.me\/Pa3sBj-a","jetpack-related-posts":[],"_links":{"self":[{"href":"https:\/\/childprocess.de\/index.php?rest_route=\/wp\/v2\/pages\/10"}],"collection":[{"href":"https:\/\/childprocess.de\/index.php?rest_route=\/wp\/v2\/pages"}],"about":[{"href":"https:\/\/childprocess.de\/index.php?rest_route=\/wp\/v2\/types\/page"}],"author":[{"embeddable":true,"href":"https:\/\/childprocess.de\/index.php?rest_route=\/wp\/v2\/users\/1"}],"replies":[{"embeddable":true,"href":"https:\/\/childprocess.de\/index.php?rest_route=%2Fwp%2Fv2%2Fcomments&post=10"}],"version-history":[{"count":2,"href":"https:\/\/childprocess.de\/index.php?rest_route=\/wp\/v2\/pages\/10\/revisions"}],"predecessor-version":[{"id":14,"href":"https:\/\/childprocess.de\/index.php?rest_route=\/wp\/v2\/pages\/10\/revisions\/14"}],"wp:attachment":[{"href":"https:\/\/childprocess.de\/index.php?rest_route=%2Fwp%2Fv2%2Fmedia&parent=10"}],"curies":[{"name":"wp","href":"https:\/\/api.w.org\/{rel}","templated":true}]}}